{"id":912,"date":"2019-04-26T09:43:33","date_gmt":"2019-04-26T13:43:33","guid":{"rendered":"https:\/\/en.raven-media.ca\/?page_id=912"},"modified":"2019-12-19T19:18:31","modified_gmt":"2019-12-20T00:18:31","slug":"politique-de-confidentialite","status":"publish","type":"page","link":"https:\/\/www.raven-media.ca\/fr-ca\/politique-de-confidentialite\/","title":{"rendered":"Politique De Confidentialit\u00e9"},"content":{"rendered":"<div id=\"tdi_1\" class=\"tdc-zone\"><div class=\"tdc_zone tdi_2  wpb_row td-pb-row\"  >\n<style scoped>\n\/* custom css - generated by TagDiv Composer *\/\n\n\/* custom css - generated by TagDiv Composer *\/\n.tdi_2{\r\n                    min-height: 0;\r\n                }\n<\/style><div id=\"tdi_3\" class=\"tdc-row\"><div class=\"vc_row tdi_4  wpb_row td-pb-row\" >\n<style scoped>\n\/* custom css - generated by TagDiv Composer *\/\n\n\/* custom css - generated by TagDiv Composer *\/\n.tdi_4,\r\n                .tdi_4 .tdc-columns{\r\n                    min-height: 0;\r\n                }.tdi_4,\r\n\t\t\t\t.tdi_4 .tdc-columns{\r\n\t\t\t\t    display: block;\r\n\t\t\t\t}.tdi_4 .tdc-columns{\r\n\t\t\t\t    width: 100%;\r\n\t\t\t\t}.tdi_4:before,\r\n\t\t\t\t.tdi_4:after{\r\n\t\t\t\t    display: table;\r\n\t\t\t\t}\n<\/style><div class=\"vc_column tdi_6  wpb_column vc_column_container tdc-column td-pb-span12\">\n<style scoped>\n\/* custom css - generated by TagDiv Composer *\/\n\n\/* custom css - generated by TagDiv Composer *\/\n.tdi_6{\r\n                    vertical-align: baseline;\r\n                }.tdi_6 > .wpb_wrapper,\r\n\t\t\t\t.tdi_6 > .wpb_wrapper > .tdc-elements{\r\n\t\t\t\t    display: block;\r\n\t\t\t\t}.tdi_6 > .wpb_wrapper > .tdc-elements{\r\n\t\t\t\t    width: 100%;\r\n\t\t\t\t}.tdi_6 > .wpb_wrapper > .vc_row_inner{\r\n\t\t\t\t    width: auto;\r\n\t\t\t\t}.tdi_6 > .wpb_wrapper{\r\n\t\t\t\t    width: auto;\r\n\t\t\t\t    height: auto;\r\n\t\t\t\t}\n<\/style><div class=\"wpb_wrapper\" ><div class=\"wpb_wrapper td_block_empty_space td_block_wrap vc_empty_space tdi_8 \"  style=\"height: 32px\"><\/div><\/div><\/div><\/div><\/div><div id=\"tdi_9\" class=\"tdc-row stretch_row_1200 td-stretch-content\"><div class=\"vc_row tdi_10  wpb_row td-pb-row\" >\n<style scoped>\n\/* custom css - generated by TagDiv Composer *\/\n\n\/* custom css - generated by TagDiv Composer *\/\n.tdi_10,\r\n                .tdi_10 .tdc-columns{\r\n                    min-height: 0;\r\n                }.tdi_10,\r\n\t\t\t\t.tdi_10 .tdc-columns{\r\n\t\t\t\t    display: block;\r\n\t\t\t\t}.tdi_10 .tdc-columns{\r\n\t\t\t\t    width: 100%;\r\n\t\t\t\t}.tdi_10:before,\r\n\t\t\t\t.tdi_10:after{\r\n\t\t\t\t    display: table;\r\n\t\t\t\t}\n<\/style><div class=\"vc_column tdi_12  wpb_column vc_column_container tdc-column td-pb-span12\">\n<style scoped>\n\/* custom css - generated by TagDiv Composer *\/\n\n\/* custom css - generated by TagDiv Composer *\/\n.tdi_12{\r\n                    vertical-align: baseline;\r\n                }.tdi_12 > .wpb_wrapper,\r\n\t\t\t\t.tdi_12 > .wpb_wrapper > .tdc-elements{\r\n\t\t\t\t    display: block;\r\n\t\t\t\t}.tdi_12 > .wpb_wrapper > .tdc-elements{\r\n\t\t\t\t    width: 100%;\r\n\t\t\t\t}.tdi_12 > .wpb_wrapper > .vc_row_inner{\r\n\t\t\t\t    width: auto;\r\n\t\t\t\t}.tdi_12 > .wpb_wrapper{\r\n\t\t\t\t    width: auto;\r\n\t\t\t\t    height: auto;\r\n\t\t\t\t}\n<\/style><div class=\"wpb_wrapper\" ><div class=\"td_block_wrap td_block_text_with_title tdi_13 tagdiv-type td-pb-border-top td_block_template_1\"  data-td-block-uid=\"tdi_13\" >\n<style>\n\/* custom css - generated by TagDiv Composer *\/\n.td_block_text_with_title{\r\n                  margin-bottom: 44px;\r\n                  -webkit-transform: translateZ(0);\r\n                  transform: translateZ(0);\r\n                }.td_block_text_with_title p:last-child{\r\n                  margin-bottom: 0;\r\n                }\n<\/style><div class=\"td-block-title-wrap\"><\/div><div class=\"td_mod_wrap td-fix-index\"><h3><strong>Le respect et la protection de votre vie priv\u00e9e sur le site raven-media.ca<\/strong><\/h3>\n<p>Le site raven-media.ca est conscient des questions soulev\u00e9es relativement \u00e0 la circulation des renseignements personnels sur Internet et d\u00e9sire collaborer avec vous afin d\u2019assurer le respect et la protection de votre vie priv\u00e9e. Pour cette raison, nous d\u00e9sirons vous expliquer quel type d\u2019information nous recueillons lorsque vous visitez Le site raven-media.ca\u00a0et \u00e9galement quand, comment et pourquoi nous recueillons ces informations. Nous vous prions donc de lire attentivement les lignes qui suivent et d\u2019y r\u00e9f\u00e9rer p\u00e9riodiquement pour suivre les changements qui pourraient y \u00eatre apport\u00e9s. Soyez assur\u00e9 qu\u2019aucune information personnelle n\u2019est recueillie sur Le site raven-media.ca\u00a0sans votre consentement.<\/p>\n<p>La collecte et le traitement des informations personnelles<\/p>\n<h3><strong>Dans quelles circonstances?<\/strong><\/h3>\n<p>Dans certaines circonstances bien particuli\u00e8res, soit lors de l\u2019inscription \u00e0 nos diff\u00e9rents services de personnalisation, de courriels, d\u2019abonnements et de concours publicitaires en ligne, Le site raven-media.ca\u00a0requiert que vous inscriviez vos nom, adresse, adresse de courriel et certaines autres informations personnelles dans un formulaire \u00e0 l\u2019\u00e9cran. Ainsi, lorsque Le site raven-media.ca\u00a0vous demande de telles informations, vous en \u00eates toujours explicitement et pr\u00e9alablement avertis et vous \u00eates inform\u00e9s que vous nous donnez des informations qui feront l\u2019objet d\u2019un traitement, c\u2019est-\u00e0-dire d\u2019un ensemble d\u2019op\u00e9rations relatives \u00e0 la collecte, l\u2019enregistrement, l\u2019\u00e9laboration, la modification, la conservation et la destruction desdites informations personnelles. Dans la mesure du possible, Le site v vous fournira les moyens de v\u00e9rifier que vos donn\u00e9es personnelles sont correctes et actualis\u00e9es. De plus, Le site raven-media.ca\u00a0vous demandera parfois, via de tels formulaires, si vous \u00eates int\u00e9ress\u00e9s \u00e0 recevoir des renseignements au sujet d\u2019autres services, concours ou des nouvelles \u00e0 propos du site raven-media.ca. Vous aurez toujours le choix de d\u00e9cliner cette demande ou de cesser un abonnement \u00e0 un service personnalis\u00e9 que vous auriez pr\u00e9alablement choisi.<\/p>\n<h3><strong>Pourquoi ?<\/strong><\/h3>\n<p>La collecte de ces informations permet tout simplement au site raven-media.ca\u00a0de pouvoir vous donner un service plus pertinent \u00e0 vos besoins, de vous joindre dans l\u2019\u00e9ventualit\u00e9 que vous gagniez un prix et, si vous nous en avez signifi\u00e9 le d\u00e9sir, de vous faire parvenir, de temps \u00e0 autre, de l\u2019information par courriel.<\/p>\n<h3><strong>Pour qui ?<\/strong><\/h3>\n<p>Il est important de pr\u00e9ciser ici que les annonceurs, autres clients ou partenaires du site raven-media.ca\u00a0n\u2019ont, en aucun temps, acc\u00e8s aux informations qui vous concernent. Seul Le site raven-media.ca\u00a0a acc\u00e8s \u00e0 ces informations que vous lui avez transmises. Si des informations devaient vous \u00eatre demand\u00e9es pour une autre raison, vous en seriez automatiquement et express\u00e9ment avertis au moment m\u00eame o\u00f9 ces informations vous seraient demand\u00e9es.<\/p>\n<p>Aucune information personnelle ne sera mise \u00e0 la disposition de personnes ext\u00e9rieures \u00e0 Le site raven-media.ca\u00a0sans votre autorisation explicite et pr\u00e9alable. De plus, nous d\u00e9sirons vous mentionner que toutes les informations personnelles recueillies sur Le site raven-media.ca\u00a0sont sauvegard\u00e9es dans des secteurs inaccessibles au public.<\/p>\n<p>Malgr\u00e9 ce qui pr\u00e9c\u00e8de, vous avez en tout temps la possibilit\u00e9 de demander au site raven-media.ca\u00a0de ne pas faire ou encore de cesser l\u2019utilisation de vos informations personnelles.<\/p>\n<p>En somme, les seules situations au cours desquelles Le site raven-media.ca\u00a0peut divulguer des informations personnelles vous concernant sont les suivantes : sur requ\u00eate d\u2019une autorit\u00e9 l\u00e9gale ou en toute bonne foi en consid\u00e9rant que cette action est requise (a) pour se conformer \u00e0 toute loi ou r\u00e9glementation en vigueur, ou pour intervenir dans un proc\u00e8s intent\u00e9 contre Le site raven-media.ca; (b) pour prot\u00e9ger ou d\u00e9fendre les droits ou les biens du site raven-media.ca\u00a0ou des utilisateurs du site raven-media.ca; et (c) pour intervenir, dans des circonstances extr\u00eames, dans le but de prot\u00e9ger la s\u00e9curit\u00e9 personnelle des utilisateurs du site raven-media.ca\u00a0ou du public.<\/p>\n<h3><strong>Informations de connexion<\/strong><\/h3>\n<p>Chaque fois que vous acc\u00e9dez aux services d\u2019abonnement sur le site raven-media.ca\u00a0, nos serveurs enregistrent automatiquement les informations que votre navigateur envoie lorsque vous consultez un site Web. Ces registres des connexions aux serveurs peuvent comporter des informations telles que votre requ\u00eate de recherche Web, votre adresse IP, le type et la langue de votre navigateur, la date et l\u2019heure de votre recherche et un ou plusieurs cookies permettant d\u2019identifier votre navigateur de fa\u00e7on unique.<\/p>\n<h3><strong>Par contre, faites attention!<\/strong><\/h3>\n<p>Le site raven-media.ca\u00a0contient des liens vers des sites Web g\u00e9r\u00e9s par des tiers; ces liens ne vous sont propos\u00e9s que pour votre agr\u00e9ment. L\u2019activation de ces liens vous fait quitter Le site raven-media.ca. Sachez que Le site raven-media.ca\u00a0n\u2019exerce aucun contr\u00f4le sur les sites Web des tiers et que le fait que ces sites soient r\u00e9pertori\u00e9s sur Le site raven-media.ca\u00a0n\u2019engage en aucun cas la responsabilit\u00e9 du site raven-media.ca. Ainsi, toute information personnelle que vous donnez aux autres sites que ceux du site raven-media.ca\u00a0sera n\u00e9cessairement soumise \u00e0 la politique de protection des informations personnelles de ces autres sites. Dans un tel cas, Le site raven-media.ca\u00a0ne pourra jamais \u00eatre tenu responsable des abus qui pourraient en d\u00e9couler. Par cons\u00e9quent, nous vous recommandons d\u2019examiner attentivement la politique de protection des informations personnelles de ces autres sites.<\/p>\n<p>\u00c9galement, ayez \u00e0 l\u2019esprit que la diffusion volontaire d\u2019informations personnelles lors de sessions de salons de discussion (\u201cchat\u201d), par courrier \u00e9lectronique ou sur un babillard \u00e9lectronique n\u2019est pas couverte par la pr\u00e9sente politique de protection de votre vie priv\u00e9e; il vous faut donc toujours faire attention lorsque vous donnez vos informations personnelles par ces moyens. Vous transmettez ces informations \u00e0 vos propres risques. Ces informations peuvent \u00eatre recueillies et utilis\u00e9es par des tiers sans l\u2019obtention pr\u00e9alable d\u2019un consentement quelconque de votre part. En somme, si vous inscrivez des informations personnelles en ligne et que ces informations sont accessibles au public, vous risquez de recevoir \u00e9ventuellement des messages non sollicit\u00e9s provenant de tierces personnes. Le site raven-media.ca\u00a0se d\u00e9gage de toute responsabilit\u00e9 \u00e0 cet \u00e9gard. En tout temps, nous vous conseillons de demeurer prudent et attentif lorsque vous \u00eates en ligne sur le r\u00e9seau Internet.<\/p>\n<h3><strong>S\u00e9curit\u00e9 des enfants et adolescents sur Internet<\/strong><\/h3>\n<p>Les enfants et les adolescents sont de plus en plus nombreux \u00e0 utiliser les services Internet et en tirent de nombreux avantages. Cependant, comme c\u2019est le cas dans tout autre environnement, ils peuvent devenir la cible de crimes ou d\u2019exploitation, car ils sont plus vuln\u00e9rables. C\u2019est pourquoi nous vous conseillons de surveiller l\u2019utilisation que vos enfants et adolescents font de votre service Internet et de leur offrir certains conseils et recommandations de s\u00e9curit\u00e9 et de bon sens. De telles mesures permettent souvent d\u2019\u00e9viter que vos enfants et adolescents ne soient expos\u00e9s \u00e0 des donn\u00e9es offensantes, qu\u2019ils soient victimes de harc\u00e8lement ou d\u2019autres actes criminels.<\/p>\n<p>Afin de r\u00e9duire les risques que vos enfants et adolescents soient expos\u00e9s \u00e0 de tels \u00e9l\u00e9ments, effectuez une supervision raisonnable de leur utilisation de votre service Internet. Vos enfants et adolescents devraient \u00eatre conscients qu\u2019il ne faut jamais divulguer de renseignements personnels comme leur nom, num\u00e9ro de t\u00e9l\u00e9phone ou adresse dans des forums.<\/p>\n<p>Il est important que vos enfants et adolescents soient encourag\u00e9s \u00e0 vous d\u00e9voiler leurs inqui\u00e9tudes s\u2019ils re\u00e7oivent des messages qui les mettent mal \u00e0 l\u2019aise ou qui les choquent. Ces recommandations aideront vos enfants et adolescents \u00e0 naviguer dans Internet de mani\u00e8re avertie et vous permettront de vous assurer que vos enfants et adolescents tirent bon profit de tous les \u00e9l\u00e9ments que le service met \u00e0 leur disposition pour enrichir leur d\u00e9veloppement.<\/p>\n<h3><strong>Les \u201ccookies\u201d sur Le site\u00a0raven-media.ca<\/strong><\/h3>\n<h3><strong>Qu\u2019est-ce qu\u2019un \u201ccookie\u201d?<\/strong><\/h3>\n<p>Les \u201ccookies\u201d sont des morceaux d\u2019informations qui vous sont envoy\u00e9s par un site Web lorsque vous le visitez. Ils se stockent de fa\u00e7on temporaire ou permanente sur votre disque dur pour garder des traces de votre visite. L\u2019information ainsi stock\u00e9e peut concerner, notamment, la date et l\u2019heure de votre visite, une r\u00e9ponse \u00e0 un questionnaire compl\u00e9t\u00e9 sur le site visit\u00e9, une information personnelle recueillie par le serveur, etc. Ainsi, les cookies peuvent accro\u00eetre l\u2019utilit\u00e9 du Web en sauvegardant des informations concernant vos pr\u00e9f\u00e9rences pour un site particulier.<\/p>\n<p>L\u2019utilisation des cookies est maintenant un standard dans le monde informatique. La plupart des navigateurs ou fureteurs acceptent habituellement les cookies par d\u00e9faut. Vous pouvez toujours modifier vos param\u00e8tres afin de refuser les cookies si vous le d\u00e9sirez. Dans ce cas toutefois, vous pourriez ne pas b\u00e9n\u00e9ficier de tous les \u00e9l\u00e9ments d\u2019un site Web.<\/p>\n<p>Les cookies en eux-m\u00eames sont inoffensifs. Vous pouvez les consulter et les d\u00e9truire si vous le d\u00e9sirez car ils se trouvent sur votre disque dur. Vous en avez donc le contr\u00f4le complet.<\/p>\n<h3><strong>L\u2019utilisation des cookies par Le site\u00a0raven-media.ca<\/strong><\/h3>\n<p>D\u2019une part, Le site raven-media.ca\u00a0utilise les cookies dans le but d\u2019\u00e9tablir le trafic, par ailleurs anonymes, sur ses sites. Ils nous donnent la possibilit\u00e9 d\u2019estimer notre audience.<\/p>\n<p>Chaque utilisateur acc\u00e9dant au site raven-media.ca\u00a0se voit assigner, pour une dur\u00e9e temporaire d\u2019environ six (6) heures, un cookie unique qui est ensuite utilis\u00e9 pour d\u00e9terminer les visites r\u00e9p\u00e9t\u00e9es par opposition \u00e0 la visite initiale.<\/p>\n<p>Il s\u2019agit l\u00e0 d\u2019informations qui ne peuvent pas vous identifier mais qui sont utiles \u00e0 nos services marketing. En effet, nous pouvons indiquer \u00e0 nos annonceurs combien d\u2019utilisateurs ont visit\u00e9 un de nos sites et pour combien de temps, de telle sorte que les annonceurs puissent mesurer l\u2019impact effectif ou probable de leurs publicit\u00e9s sur nos sites. Par cons\u00e9quent, cette information est \u00e9galement utilis\u00e9e pour \u00e9laborer nos tarifs publicitaires. Par ces informations, les annonceurs achetant des espaces publicitaires sur Le site raven-media.ca\u00a0ne peuvent aucunement vous identifier personnellement.<\/p>\n<p>D\u2019autre part, Le site raven-media.ca\u00a0utilise les cookies afin de vous offrir les services personnalis\u00e9s que vous d\u00e9sirez, par exemple, l\u2019acc\u00e8s \u00e0 des contenus sp\u00e9cialis\u00e9s, vos bulletins, etc. Pour obtenir ces services personnalis\u00e9s, nous vous demandons de compl\u00e9ter un formulaire d\u2019inscription sur lequel vous devez fournir au site raven-media.ca\u00a0des renseignements personnels et des informations sur vos pr\u00e9f\u00e9rences pour certains contenus ou activit\u00e9s diffus\u00e9es dans nos pages. En vous inscrivant, si vous nous permettez d\u2019enregistrer votre mot de passe, un fichier t\u00e9moin (cookie) permettra de vous reconna\u00eetre \u00e0 chaque visite que vous ferez sur Le site raven-media.ca.<\/p>\n<p>Par ailleurs, ces renseignements personnels vous sont demand\u00e9s par Le site raven-media.ca\u00a0dans le seul but de vous offrir les contenus, outils ou publicit\u00e9s qui correspondent aux pr\u00e9f\u00e9rences que vous nous aurez communiqu\u00e9es via votre formulaire d\u2019inscription et ce, afin que vous tiriez le meilleur parti de vos visites sur Le site raven-media.ca. Ces renseignements demeurent strictement destin\u00e9s \u00e0 l\u2019usage du site raven-media.ca\u00a0et ne sont accessibles \u00e0 aucun de nos clients, partenaires, annonceurs ou autres intervenants ext\u00e9rieurs \u00e0 Lesite raven-media.ca.<\/p>\n<p>Nous esp\u00e9rons que ces quelques lignes vous auront \u00e9clair\u00e9s sur la politique stricte de confidentialit\u00e9 en vigueur sur Le site raven-media.ca. Par ailleurs, \u00e0 tout moment, nous nous r\u00e9servons le droit de modifier la politique de confidentialit\u00e9 expos\u00e9e ci-haut. Nous vous invitons \u00e0 visiter p\u00e9riodiquement cette rubrique afin de v\u00e9rifier si des changements y ont \u00e9t\u00e9 apport\u00e9s.<\/p>\n<\/div><\/div><\/div><\/div><\/div><\/div><\/div><\/div>","protected":false},"excerpt":{"rendered":"","protected":false},"author":1,"featured_media":1496,"parent":0,"menu_order":0,"comment_status":"closed","ping_status":"closed","template":"","meta":{"footnotes":""},"class_list":["post-912","page","type-page","status-publish","has-post-thumbnail"],"yoast_head":"<!-- This site is optimized with the Yoast SEO plugin v27.0 - https:\/\/yoast.com\/product\/yoast-seo-wordpress\/ -->\n<title>Politique De Confidentialit\u00e9 - Raven Media<\/title>\n<meta name=\"description\" content=\"En utilisant ce site, vous acceptez les conditions de cette politique de confidentialit\u00e9. Lisez la politique de confidentialit\u00e9.\" \/>\n<meta name=\"robots\" content=\"index, follow, max-snippet:-1, max-image-preview:large, max-video-preview:-1\" \/>\n<link rel=\"canonical\" href=\"https:\/\/www.raven-media.ca\/fr-ca\/politique-de-confidentialite\/\" \/>\n<meta property=\"og:locale\" content=\"fr_CA\" \/>\n<meta property=\"og:type\" content=\"article\" \/>\n<meta property=\"og:title\" content=\"Politique De Confidentialit\u00e9 - Raven Media\" \/>\n<meta property=\"og:description\" content=\"En utilisant ce site, vous acceptez les conditions de cette politique de confidentialit\u00e9. Lisez la politique de confidentialit\u00e9.\" \/>\n<meta property=\"og:url\" content=\"https:\/\/www.raven-media.ca\/fr-ca\/politique-de-confidentialite\/\" \/>\n<meta property=\"og:site_name\" content=\"Raven Media\" \/>\n<meta property=\"article:modified_time\" content=\"2019-12-20T00:18:31+00:00\" \/>\n<meta property=\"og:image\" content=\"https:\/\/www.raven-media.ca\/fr-ca\/wp-content\/uploads\/sites\/3\/2019\/04\/Privacy-Policy.jpg\" \/>\n\t<meta property=\"og:image:width\" content=\"1500\" \/>\n\t<meta property=\"og:image:height\" content=\"1000\" \/>\n\t<meta property=\"og:image:type\" content=\"image\/jpeg\" \/>\n<meta name=\"twitter:card\" content=\"summary_large_image\" \/>\n<meta name=\"twitter:label1\" content=\"Estimation du temps de lecture\" \/>\n\t<meta name=\"twitter:data1\" content=\"10 minutes\" \/>\n<script type=\"application\/ld+json\" class=\"yoast-schema-graph\">{\"@context\":\"https:\/\/schema.org\",\"@graph\":[{\"@type\":\"WebPage\",\"@id\":\"https:\/\/www.raven-media.ca\/fr-ca\/politique-de-confidentialite\/\",\"url\":\"https:\/\/www.raven-media.ca\/fr-ca\/politique-de-confidentialite\/\",\"name\":\"Politique De Confidentialit\u00e9 - Raven Media\",\"isPartOf\":{\"@id\":\"https:\/\/www.raven-media.ca\/fr-ca\/#website\"},\"primaryImageOfPage\":{\"@id\":\"https:\/\/www.raven-media.ca\/fr-ca\/politique-de-confidentialite\/#primaryimage\"},\"image\":{\"@id\":\"https:\/\/www.raven-media.ca\/fr-ca\/politique-de-confidentialite\/#primaryimage\"},\"thumbnailUrl\":\"https:\/\/www.raven-media.ca\/fr-ca\/wp-content\/uploads\/sites\/3\/2019\/04\/Privacy-Policy.jpg\",\"datePublished\":\"2019-04-26T13:43:33+00:00\",\"dateModified\":\"2019-12-20T00:18:31+00:00\",\"description\":\"En utilisant ce site, vous acceptez les conditions de cette politique de confidentialit\u00e9. Lisez la politique de confidentialit\u00e9.\",\"breadcrumb\":{\"@id\":\"https:\/\/www.raven-media.ca\/fr-ca\/politique-de-confidentialite\/#breadcrumb\"},\"inLanguage\":\"fr-CA\",\"potentialAction\":[{\"@type\":\"ReadAction\",\"target\":[\"https:\/\/www.raven-media.ca\/fr-ca\/politique-de-confidentialite\/\"]}]},{\"@type\":\"ImageObject\",\"inLanguage\":\"fr-CA\",\"@id\":\"https:\/\/www.raven-media.ca\/fr-ca\/politique-de-confidentialite\/#primaryimage\",\"url\":\"https:\/\/www.raven-media.ca\/fr-ca\/wp-content\/uploads\/sites\/3\/2019\/04\/Privacy-Policy.jpg\",\"contentUrl\":\"https:\/\/www.raven-media.ca\/fr-ca\/wp-content\/uploads\/sites\/3\/2019\/04\/Privacy-Policy.jpg\",\"width\":1500,\"height\":1000,\"caption\":\"Politique De Confidentialit\u00e9\"},{\"@type\":\"BreadcrumbList\",\"@id\":\"https:\/\/www.raven-media.ca\/fr-ca\/politique-de-confidentialite\/#breadcrumb\",\"itemListElement\":[{\"@type\":\"ListItem\",\"position\":1,\"name\":\"Home\",\"item\":\"https:\/\/www.raven-media.ca\/fr-ca\/\"},{\"@type\":\"ListItem\",\"position\":2,\"name\":\"Politique De Confidentialit\u00e9\"}]},{\"@type\":\"WebSite\",\"@id\":\"https:\/\/www.raven-media.ca\/fr-ca\/#website\",\"url\":\"https:\/\/www.raven-media.ca\/fr-ca\/\",\"name\":\"Raven Media\",\"description\":\"R\u00e9alisons L&#039;incroyable Ensemble!\",\"potentialAction\":[{\"@type\":\"SearchAction\",\"target\":{\"@type\":\"EntryPoint\",\"urlTemplate\":\"https:\/\/www.raven-media.ca\/fr-ca\/?s={search_term_string}\"},\"query-input\":{\"@type\":\"PropertyValueSpecification\",\"valueRequired\":true,\"valueName\":\"search_term_string\"}}],\"inLanguage\":\"fr-CA\"}]}<\/script>\n<!-- \/ Yoast SEO plugin. -->","yoast_head_json":{"title":"Politique De Confidentialit\u00e9 - Raven Media","description":"En utilisant ce site, vous acceptez les conditions de cette politique de confidentialit\u00e9. Lisez la politique de confidentialit\u00e9.","robots":{"index":"index","follow":"follow","max-snippet":"max-snippet:-1","max-image-preview":"max-image-preview:large","max-video-preview":"max-video-preview:-1"},"canonical":"https:\/\/www.raven-media.ca\/fr-ca\/politique-de-confidentialite\/","og_locale":"fr_CA","og_type":"article","og_title":"Politique De Confidentialit\u00e9 - Raven Media","og_description":"En utilisant ce site, vous acceptez les conditions de cette politique de confidentialit\u00e9. Lisez la politique de confidentialit\u00e9.","og_url":"https:\/\/www.raven-media.ca\/fr-ca\/politique-de-confidentialite\/","og_site_name":"Raven Media","article_modified_time":"2019-12-20T00:18:31+00:00","og_image":[{"width":1500,"height":1000,"url":"https:\/\/www.raven-media.ca\/fr-ca\/wp-content\/uploads\/sites\/3\/2019\/04\/Privacy-Policy.jpg","type":"image\/jpeg"}],"twitter_card":"summary_large_image","twitter_misc":{"Estimation du temps de lecture":"10 minutes"},"schema":{"@context":"https:\/\/schema.org","@graph":[{"@type":"WebPage","@id":"https:\/\/www.raven-media.ca\/fr-ca\/politique-de-confidentialite\/","url":"https:\/\/www.raven-media.ca\/fr-ca\/politique-de-confidentialite\/","name":"Politique De Confidentialit\u00e9 - Raven Media","isPartOf":{"@id":"https:\/\/www.raven-media.ca\/fr-ca\/#website"},"primaryImageOfPage":{"@id":"https:\/\/www.raven-media.ca\/fr-ca\/politique-de-confidentialite\/#primaryimage"},"image":{"@id":"https:\/\/www.raven-media.ca\/fr-ca\/politique-de-confidentialite\/#primaryimage"},"thumbnailUrl":"https:\/\/www.raven-media.ca\/fr-ca\/wp-content\/uploads\/sites\/3\/2019\/04\/Privacy-Policy.jpg","datePublished":"2019-04-26T13:43:33+00:00","dateModified":"2019-12-20T00:18:31+00:00","description":"En utilisant ce site, vous acceptez les conditions de cette politique de confidentialit\u00e9. Lisez la politique de confidentialit\u00e9.","breadcrumb":{"@id":"https:\/\/www.raven-media.ca\/fr-ca\/politique-de-confidentialite\/#breadcrumb"},"inLanguage":"fr-CA","potentialAction":[{"@type":"ReadAction","target":["https:\/\/www.raven-media.ca\/fr-ca\/politique-de-confidentialite\/"]}]},{"@type":"ImageObject","inLanguage":"fr-CA","@id":"https:\/\/www.raven-media.ca\/fr-ca\/politique-de-confidentialite\/#primaryimage","url":"https:\/\/www.raven-media.ca\/fr-ca\/wp-content\/uploads\/sites\/3\/2019\/04\/Privacy-Policy.jpg","contentUrl":"https:\/\/www.raven-media.ca\/fr-ca\/wp-content\/uploads\/sites\/3\/2019\/04\/Privacy-Policy.jpg","width":1500,"height":1000,"caption":"Politique De Confidentialit\u00e9"},{"@type":"BreadcrumbList","@id":"https:\/\/www.raven-media.ca\/fr-ca\/politique-de-confidentialite\/#breadcrumb","itemListElement":[{"@type":"ListItem","position":1,"name":"Home","item":"https:\/\/www.raven-media.ca\/fr-ca\/"},{"@type":"ListItem","position":2,"name":"Politique De Confidentialit\u00e9"}]},{"@type":"WebSite","@id":"https:\/\/www.raven-media.ca\/fr-ca\/#website","url":"https:\/\/www.raven-media.ca\/fr-ca\/","name":"Raven Media","description":"R\u00e9alisons L&#039;incroyable Ensemble!","potentialAction":[{"@type":"SearchAction","target":{"@type":"EntryPoint","urlTemplate":"https:\/\/www.raven-media.ca\/fr-ca\/?s={search_term_string}"},"query-input":{"@type":"PropertyValueSpecification","valueRequired":true,"valueName":"search_term_string"}}],"inLanguage":"fr-CA"}]}},"_links":{"self":[{"href":"https:\/\/www.raven-media.ca\/fr-ca\/wp-json\/wp\/v2\/pages\/912","targetHints":{"allow":["GET"]}}],"collection":[{"href":"https:\/\/www.raven-media.ca\/fr-ca\/wp-json\/wp\/v2\/pages"}],"about":[{"href":"https:\/\/www.raven-media.ca\/fr-ca\/wp-json\/wp\/v2\/types\/page"}],"author":[{"embeddable":true,"href":"https:\/\/www.raven-media.ca\/fr-ca\/wp-json\/wp\/v2\/users\/1"}],"replies":[{"embeddable":true,"href":"https:\/\/www.raven-media.ca\/fr-ca\/wp-json\/wp\/v2\/comments?post=912"}],"version-history":[{"count":1,"href":"https:\/\/www.raven-media.ca\/fr-ca\/wp-json\/wp\/v2\/pages\/912\/revisions"}],"predecessor-version":[{"id":1658,"href":"https:\/\/www.raven-media.ca\/fr-ca\/wp-json\/wp\/v2\/pages\/912\/revisions\/1658"}],"wp:featuredmedia":[{"embeddable":true,"href":"https:\/\/www.raven-media.ca\/fr-ca\/wp-json\/wp\/v2\/media\/1496"}],"wp:attachment":[{"href":"https:\/\/www.raven-media.ca\/fr-ca\/wp-json\/wp\/v2\/media?parent=912"}],"curies":[{"name":"wp","href":"https:\/\/api.w.org\/{rel}","templated":true}]}}